{"id":357,"date":"2021-03-08T13:12:24","date_gmt":"2021-03-08T12:12:24","guid":{"rendered":"http:\/\/solinka.net2000.pl\/?page_id=357"},"modified":"2021-03-19T08:45:25","modified_gmt":"2021-03-19T07:45:25","slug":"przeciwwskazania-do-leczenia","status":"publish","type":"page","link":"https:\/\/solinka.net2000.pl\/?page_id=357","title":{"rendered":"PRZECIWWSKAZANIA DO LECZENIA"},"content":{"rendered":"\t\t<div data-elementor-type=\"wp-page\" data-elementor-id=\"357\" class=\"elementor elementor-357\">\n\t\t\t\t\t\t\t\t\t<section class=\"elementor-section elementor-top-section elementor-element elementor-element-3dcad07 elementor-section-boxed elementor-section-height-default elementor-section-height-default\" data-id=\"3dcad07\" data-element_type=\"section\">\n\t\t\t\t\t\t<div class=\"elementor-container elementor-column-gap-default\">\n\t\t\t\t\t<div class=\"elementor-column elementor-col-100 elementor-top-column elementor-element elementor-element-e16ed17\" data-id=\"e16ed17\" data-element_type=\"column\">\n\t\t\t<div class=\"elementor-widget-wrap elementor-element-populated\">\n\t\t\t\t\t\t\t\t<div class=\"elementor-element elementor-element-698dcc0 elementor-widget elementor-widget-text-editor\" data-id=\"698dcc0\" data-element_type=\"widget\" data-widget_type=\"text-editor.default\">\n\t\t\t\t<div class=\"elementor-widget-container\">\n\t\t\t\t\t\t\t<p>Rozporzadzenie Ministra Zdrowia z dnia 5 stycznia 2012 r.<\/p>\t\t\t\t\t\t<\/div>\n\t\t\t\t<\/div>\n\t\t\t\t\t<\/div>\n\t\t<\/div>\n\t\t\t\t\t\t\t<\/div>\n\t\t<\/section>\n\t\t\t\t<section class=\"elementor-section elementor-top-section elementor-element elementor-element-b4a3e62 elementor-section-boxed elementor-section-height-default elementor-section-height-default\" data-id=\"b4a3e62\" data-element_type=\"section\">\n\t\t\t\t\t\t<div class=\"elementor-container elementor-column-gap-default\">\n\t\t\t\t\t<div class=\"elementor-column elementor-col-100 elementor-top-column elementor-element elementor-element-eedbcf3\" data-id=\"eedbcf3\" data-element_type=\"column\">\n\t\t\t<div class=\"elementor-widget-wrap elementor-element-populated\">\n\t\t\t\t\t\t\t\t<div class=\"elementor-element elementor-element-07e0df9 elementor-widget elementor-widget-text-editor\" data-id=\"07e0df9\" data-element_type=\"widget\" data-widget_type=\"text-editor.default\">\n\t\t\t\t<div class=\"elementor-widget-container\">\n\t\t\t\t\t\t\t<p>Pozycja 14<br \/>w sprawie sposobu kierowania i kwalifikowania pacjent\u00f3w do zak\u0142ad\u00f3w lecznictwa uzdrowiskowego.<\/p><p>\u00a7 5. Przeciwwskazanie do leczenia uzdrowiskowego albo rehabilitacji uzdrowiskowej stanowi\u0105:<br \/>1) stan chorobowy, w kt\u00f3rym leczenie uzdrowiskowe albo rehabilitacja uzdrowiskowa przy wykorzystaniu w\u0142a\u015bciwo\u015bci naturalnych surowc\u00f3w leczniczych mog\u0142aby spowodowa\u0107 pogorszenie stanu zdrowia pacjenta;<br \/>2) choroba zaka\u017ana w fazie ostrej;<br \/>3) ci\u0105\u017ca i po\u0142\u00f3g;<br \/>4) czynna choroba nowotworowa oraz okres przed up\u0142ywem:<br \/>a) 5 lat w przypadku: czerniaka z\u0142o\u015bliwego, bia\u0142aczki, ziarnicy z\u0142o\u015bliwej, ch\u0142oniak\u00f3w z\u0142o\u015bliwych, <br \/>nowotwor\u00f3w nerki, <br \/>b)12 miesi\u0119cy w przypadku innych nowotwor\u00f3w z\u0142o\u015bliwych<br \/>&#8211; od zako\u0144czenia leczenia operacyjnego, chemioterapii lub radioterapii, z wy\u0142\u0105czeniem leczenia hormonalnego.<\/p>\t\t\t\t\t\t<\/div>\n\t\t\t\t<\/div>\n\t\t\t\t\t<\/div>\n\t\t<\/div>\n\t\t\t\t\t\t\t<\/div>\n\t\t<\/section>\n\t\t\t\t\t\t\t<\/div>\n\t\t","protected":false},"excerpt":{"rendered":"<p>Rozporzadzenie Ministra Zdrowia z dnia 5 stycznia 2012 r. Pozycja 14w sprawie sposobu kierowania i kwalifikowania pacjent\u00f3w do zak\u0142ad\u00f3w lecznictwa uzdrowiskowego. \u00a7 5. Przeciwwskazanie do leczenia uzdrowiskowego albo rehabilitacji uzdrowiskowej stanowi\u0105:1) stan chorobowy, w kt\u00f3rym leczenie uzdrowiskowe albo rehabilitacja uzdrowiskowa przy wykorzystaniu w\u0142a\u015bciwo\u015bci naturalnych surowc\u00f3w leczniczych mog\u0142aby spowodowa\u0107 pogorszenie stanu zdrowia pacjenta;2) choroba zaka\u017ana w [&hellip;]<\/p>\n","protected":false},"author":1,"featured_media":0,"parent":0,"menu_order":0,"comment_status":"closed","ping_status":"closed","template":"","meta":[],"_links":{"self":[{"href":"https:\/\/solinka.net2000.pl\/index.php?rest_route=\/wp\/v2\/pages\/357"}],"collection":[{"href":"https:\/\/solinka.net2000.pl\/index.php?rest_route=\/wp\/v2\/pages"}],"about":[{"href":"https:\/\/solinka.net2000.pl\/index.php?rest_route=\/wp\/v2\/types\/page"}],"author":[{"embeddable":true,"href":"https:\/\/solinka.net2000.pl\/index.php?rest_route=\/wp\/v2\/users\/1"}],"replies":[{"embeddable":true,"href":"https:\/\/solinka.net2000.pl\/index.php?rest_route=%2Fwp%2Fv2%2Fcomments&post=357"}],"version-history":[{"count":7,"href":"https:\/\/solinka.net2000.pl\/index.php?rest_route=\/wp\/v2\/pages\/357\/revisions"}],"predecessor-version":[{"id":397,"href":"https:\/\/solinka.net2000.pl\/index.php?rest_route=\/wp\/v2\/pages\/357\/revisions\/397"}],"wp:attachment":[{"href":"https:\/\/solinka.net2000.pl\/index.php?rest_route=%2Fwp%2Fv2%2Fmedia&parent=357"}],"curies":[{"name":"wp","href":"https:\/\/api.w.org\/{rel}","templated":true}]}}