{"id":2,"date":"2021-01-27T10:12:38","date_gmt":"2021-01-27T09:12:38","guid":{"rendered":"http:\/\/solinka.net2000.pl\/?page_id=2"},"modified":"2026-01-12T12:16:49","modified_gmt":"2026-01-12T11:16:49","slug":"home","status":"publish","type":"page","link":"http:\/\/solinka.net2000.pl\/","title":{"rendered":"HOME"},"content":{"rendered":"\t\t<div data-elementor-type=\"wp-page\" data-elementor-id=\"2\" class=\"elementor elementor-2\">\n\t\t\t\t\t\t\t\t\t<section class=\"elementor-section elementor-top-section elementor-element elementor-element-a8ba9f3 elementor-section-boxed elementor-section-height-default elementor-section-height-default\" data-id=\"a8ba9f3\" data-element_type=\"section\">\n\t\t\t\t\t\t<div class=\"elementor-container elementor-column-gap-default\">\n\t\t\t\t\t<div class=\"elementor-column elementor-col-100 elementor-top-column elementor-element elementor-element-545852c\" data-id=\"545852c\" data-element_type=\"column\">\n\t\t\t<div class=\"elementor-widget-wrap elementor-element-populated\">\n\t\t\t\t\t\t\t\t<div class=\"elementor-element elementor-element-ca67501 elementor-widget elementor-widget-text-editor\" data-id=\"ca67501\" data-element_type=\"widget\" data-widget_type=\"text-editor.default\">\n\t\t\t\t<div class=\"elementor-widget-container\">\n\t\t\t\t\t\t\t<p>Przed wyjazdem do sanatorium prosz\u0119 zapozna\u0107 si\u0119 z przeciwwskazaniami do leczenia uzdrowiskowego <br \/>szczeg\u00f3\u0142y <a href=\"https:\/\/solinka.net2000.pl\/?page_id=357\">tutaj&gt;&gt;<\/a><b><\/b><\/p>\t\t\t\t\t\t<\/div>\n\t\t\t\t<\/div>\n\t\t\t\t\t<\/div>\n\t\t<\/div>\n\t\t\t\t\t\t\t<\/div>\n\t\t<\/section>\n\t\t\t\t<section class=\"elementor-section elementor-top-section elementor-element elementor-element-f566a81 elementor-section-boxed elementor-section-height-default elementor-section-height-default\" data-id=\"f566a81\" data-element_type=\"section\">\n\t\t\t\t\t\t<div class=\"elementor-container elementor-column-gap-default\">\n\t\t\t\t\t<div class=\"elementor-column elementor-col-100 elementor-top-column elementor-element elementor-element-ef93fda\" data-id=\"ef93fda\" data-element_type=\"column\">\n\t\t\t<div class=\"elementor-widget-wrap elementor-element-populated\">\n\t\t\t\t\t\t\t\t<div class=\"elementor-element elementor-element-0dd11cc elementor-widget elementor-widget-text-editor\" data-id=\"0dd11cc\" data-element_type=\"widget\" data-widget_type=\"text-editor.default\">\n\t\t\t\t<div class=\"elementor-widget-container\">\n\t\t\t\t\t\t\t<p>W trakcie przyj\u0119cia do sanatorium niezb\u0119dne jest:<\/p><ul><li><p>podanie kontaktu do osoby, kt\u00f3r\u0105 upowa\u017cniacie Pa\u0144stwo do dost\u0119pu do dokumentacji medycznej<br \/>( imi\u0119 i nazwisko, numer telefonu )<\/p><\/li><li><p>posiadanie wykazu stale przyjmowanych lek\u00f3w<sup><b> <br \/><\/b><\/sup><\/p><\/li><\/ul>\t\t\t\t\t\t<\/div>\n\t\t\t\t<\/div>\n\t\t\t\t\t<\/div>\n\t\t<\/div>\n\t\t\t\t\t\t\t<\/div>\n\t\t<\/section>\n\t\t\t\t<section class=\"elementor-section elementor-top-section elementor-element elementor-element-b922971 elementor-section-boxed elementor-section-height-default elementor-section-height-default\" data-id=\"b922971\" data-element_type=\"section\">\n\t\t\t\t\t\t<div class=\"elementor-container elementor-column-gap-default\">\n\t\t\t\t\t<div class=\"elementor-column elementor-col-100 elementor-top-column elementor-element elementor-element-6107d7f\" data-id=\"6107d7f\" data-element_type=\"column\">\n\t\t\t<div class=\"elementor-widget-wrap elementor-element-populated\">\n\t\t\t\t\t\t\t\t<div class=\"elementor-element elementor-element-953574c elementor-widget elementor-widget-text-editor\" data-id=\"953574c\" data-element_type=\"widget\" data-widget_type=\"text-editor.default\">\n\t\t\t\t<div class=\"elementor-widget-container\">\n\t\t\t\t\t\t\t\t\t\t\t\t\t<\/div>\n\t\t\t\t<\/div>\n\t\t\t\t\t<\/div>\n\t\t<\/div>\n\t\t\t\t\t\t\t<\/div>\n\t\t<\/section>\n\t\t\t\t<section class=\"elementor-section elementor-top-section elementor-element elementor-element-3869609 elementor-section-boxed elementor-section-height-default elementor-section-height-default\" data-id=\"3869609\" data-element_type=\"section\">\n\t\t\t\t\t\t<div class=\"elementor-container elementor-column-gap-default\">\n\t\t\t\t\t<div class=\"elementor-column elementor-col-50 elementor-top-column elementor-element elementor-element-e3b9e5a\" data-id=\"e3b9e5a\" data-element_type=\"column\">\n\t\t\t<div class=\"elementor-widget-wrap elementor-element-populated\">\n\t\t\t\t\t\t\t\t<div class=\"elementor-element elementor-element-6515637 elementor-widget elementor-widget-text-editor\" data-id=\"6515637\" data-element_type=\"widget\" data-widget_type=\"text-editor.default\">\n\t\t\t\t<div class=\"elementor-widget-container\">\n\t\t\t\t\t\t\t<p><strong>PROFILE LECZNICZE<br \/><\/strong><\/p><p>&#8211; choroby ortopedyczno &#8211; urazowe, <br \/>&#8211; choroby g\u00f3rnych dr\u00f3g oddechowych, <br \/>&#8211; choroby kardiologiczne i nadci\u015bnienie, <br \/>&#8211; reumatologia, <br \/>&#8211; endokrynologia, <br \/>&#8211; diabetologia, <br \/>&#8211; neurologia<\/p>\t\t\t\t\t\t<\/div>\n\t\t\t\t<\/div>\n\t\t\t\t\t<\/div>\n\t\t<\/div>\n\t\t\t\t<div class=\"elementor-column elementor-col-50 elementor-top-column elementor-element elementor-element-f95b8bb\" data-id=\"f95b8bb\" data-element_type=\"column\">\n\t\t\t<div class=\"elementor-widget-wrap elementor-element-populated\">\n\t\t\t\t\t\t\t\t<div class=\"elementor-element elementor-element-cbbb063 elementor-widget elementor-widget-text-editor\" data-id=\"cbbb063\" data-element_type=\"widget\" data-widget_type=\"text-editor.default\">\n\t\t\t\t<div class=\"elementor-widget-container\">\n\t\t\t\t\t\t\t<p><strong>ZAKRES ZABIEG\u00d3W<br \/><\/strong><\/p><p>&#8211; balneologia i medycyna fizykalna, <br \/>&#8211; hydroterapia ( k\u0105piele lecznicze, <br \/>&#8211; termoterapia ( krioterapia, ok\u0142ady borowinowe ), <br \/>&#8211; \u015bwiat\u0142o i elektrolecznictwo, &#8211; kinezyterapia, <br \/>&#8211; masa\u017ce: klasyczny, limfatyczny i inne, <br \/>&#8211; inhalacje<br \/><strong>&#8211; terapia fal\u0105 uderzeniow\u0105 &#8211; zabieg p\u0142atny<\/strong><\/p><p>\u00a0<\/p>\t\t\t\t\t\t<\/div>\n\t\t\t\t<\/div>\n\t\t\t\t\t<\/div>\n\t\t<\/div>\n\t\t\t\t\t\t\t<\/div>\n\t\t<\/section>\n\t\t\t\t<section class=\"elementor-section elementor-top-section elementor-element elementor-element-fbb1975 elementor-section-boxed elementor-section-height-default elementor-section-height-default\" data-id=\"fbb1975\" data-element_type=\"section\">\n\t\t\t\t\t\t<div class=\"elementor-container elementor-column-gap-default\">\n\t\t\t\t\t<div class=\"elementor-column elementor-col-100 elementor-top-column elementor-element elementor-element-d43771e\" data-id=\"d43771e\" data-element_type=\"column\">\n\t\t\t<div class=\"elementor-widget-wrap elementor-element-populated\">\n\t\t\t\t\t\t\t\t<div class=\"elementor-element elementor-element-1baae81 elementor-widget elementor-widget-text-editor\" data-id=\"1baae81\" data-element_type=\"widget\" data-widget_type=\"text-editor.default\">\n\t\t\t\t<div class=\"elementor-widget-container\">\n\t\t\t\t\t\t\t\t\t\t\t\t\t<\/div>\n\t\t\t\t<\/div>\n\t\t\t\t\t<\/div>\n\t\t<\/div>\n\t\t\t\t\t\t\t<\/div>\n\t\t<\/section>\n\t\t\t\t<section class=\"elementor-section elementor-top-section elementor-element elementor-element-dc2857b elementor-section-boxed elementor-section-height-default elementor-section-height-default\" data-id=\"dc2857b\" data-element_type=\"section\">\n\t\t\t\t\t\t<div class=\"elementor-container elementor-column-gap-default\">\n\t\t\t\t\t<div class=\"elementor-column elementor-col-100 elementor-top-column elementor-element elementor-element-fd27419\" data-id=\"fd27419\" data-element_type=\"column\">\n\t\t\t<div class=\"elementor-widget-wrap elementor-element-populated\">\n\t\t\t\t\t\t\t\t<div class=\"elementor-element elementor-element-41d5125 elementor-widget elementor-widget-text-editor\" data-id=\"41d5125\" data-element_type=\"widget\" data-widget_type=\"text-editor.default\">\n\t\t\t\t<div class=\"elementor-widget-container\">\n\t\t\t\t\t\t\t<p><strong><em>Sanatorium posiada wpis do rejestru o\u015brodk\u00f3w i organizator\u00f3w turnus\u00f3w rehabilitacyjnych.<\/em><\/strong><\/p>\t\t\t\t\t\t<\/div>\n\t\t\t\t<\/div>\n\t\t\t\t\t<\/div>\n\t\t<\/div>\n\t\t\t\t\t\t\t<\/div>\n\t\t<\/section>\n\t\t\t\t<section class=\"elementor-section elementor-top-section elementor-element elementor-element-3930f54 elementor-section-boxed elementor-section-height-default elementor-section-height-default\" data-id=\"3930f54\" data-element_type=\"section\">\n\t\t\t\t\t\t<div class=\"elementor-container elementor-column-gap-default\">\n\t\t\t\t\t<div class=\"elementor-column elementor-col-100 elementor-top-column elementor-element elementor-element-b7063a7\" data-id=\"b7063a7\" data-element_type=\"column\">\n\t\t\t<div class=\"elementor-widget-wrap\">\n\t\t\t\t\t\t\t\t\t<\/div>\n\t\t<\/div>\n\t\t\t\t\t\t\t<\/div>\n\t\t<\/section>\n\t\t\t\t<section class=\"elementor-section elementor-top-section elementor-element elementor-element-9c6d881 elementor-section-boxed elementor-section-height-default elementor-section-height-default\" data-id=\"9c6d881\" data-element_type=\"section\">\n\t\t\t\t\t\t<div class=\"elementor-container elementor-column-gap-default\">\n\t\t\t\t\t<div class=\"elementor-column elementor-col-100 elementor-top-column elementor-element elementor-element-a49ee6a\" data-id=\"a49ee6a\" data-element_type=\"column\">\n\t\t\t<div class=\"elementor-widget-wrap elementor-element-populated\">\n\t\t\t\t\t\t\t\t<div class=\"elementor-element elementor-element-7791a16 elementor-widget elementor-widget-video\" data-id=\"7791a16\" data-element_type=\"widget\" data-settings=\"{&quot;youtube_url&quot;:&quot;https:\\\/\\\/www.youtube.com\\\/watch?v=spPzL6mKxaA&amp;t&quot;,&quot;video_type&quot;:&quot;youtube&quot;,&quot;controls&quot;:&quot;yes&quot;}\" data-widget_type=\"video.default\">\n\t\t\t\t<div class=\"elementor-widget-container\">\n\t\t\t\t\t<div class=\"elementor-wrapper elementor-open-inline\">\n\t\t\t<div class=\"elementor-video\"><\/div>\t\t<\/div>\n\t\t\t\t<\/div>\n\t\t\t\t<\/div>\n\t\t\t\t\t<\/div>\n\t\t<\/div>\n\t\t\t\t\t\t\t<\/div>\n\t\t<\/section>\n\t\t\t\t\t\t\t<\/div>\n\t\t","protected":false},"excerpt":{"rendered":"<p>Przed wyjazdem do sanatorium prosz\u0119 zapozna\u0107 si\u0119 z przeciwwskazaniami do leczenia uzdrowiskowego szczeg\u00f3\u0142y tutaj&gt;&gt; W trakcie przyj\u0119cia do sanatorium niezb\u0119dne jest: podanie kontaktu do osoby, kt\u00f3r\u0105 upowa\u017cniacie Pa\u0144stwo do dost\u0119pu do dokumentacji medycznej( imi\u0119 i nazwisko, numer telefonu ) posiadanie wykazu stale przyjmowanych lek\u00f3w PROFILE LECZNICZE &#8211; choroby ortopedyczno &#8211; urazowe, &#8211; choroby g\u00f3rnych dr\u00f3g [&hellip;]<\/p>\n","protected":false},"author":1,"featured_media":0,"parent":0,"menu_order":0,"comment_status":"closed","ping_status":"closed","template":"","meta":[],"_links":{"self":[{"href":"http:\/\/solinka.net2000.pl\/index.php?rest_route=\/wp\/v2\/pages\/2"}],"collection":[{"href":"http:\/\/solinka.net2000.pl\/index.php?rest_route=\/wp\/v2\/pages"}],"about":[{"href":"http:\/\/solinka.net2000.pl\/index.php?rest_route=\/wp\/v2\/types\/page"}],"author":[{"embeddable":true,"href":"http:\/\/solinka.net2000.pl\/index.php?rest_route=\/wp\/v2\/users\/1"}],"replies":[{"embeddable":true,"href":"http:\/\/solinka.net2000.pl\/index.php?rest_route=%2Fwp%2Fv2%2Fcomments&post=2"}],"version-history":[{"count":311,"href":"http:\/\/solinka.net2000.pl\/index.php?rest_route=\/wp\/v2\/pages\/2\/revisions"}],"predecessor-version":[{"id":1519,"href":"http:\/\/solinka.net2000.pl\/index.php?rest_route=\/wp\/v2\/pages\/2\/revisions\/1519"}],"wp:attachment":[{"href":"http:\/\/solinka.net2000.pl\/index.php?rest_route=%2Fwp%2Fv2%2Fmedia&parent=2"}],"curies":[{"name":"wp","href":"https:\/\/api.w.org\/{rel}","templated":true}]}}